{"id":6314,"date":"2023-05-22T16:18:23","date_gmt":"2023-05-22T14:18:23","guid":{"rendered":"https:\/\/mb-bardowick.de\/mentions-legales\/"},"modified":"2025-12-22T08:49:11","modified_gmt":"2025-12-22T07:49:11","slug":"mentions-legales","status":"publish","type":"page","link":"https:\/\/mb-bardowick.de\/fr\/mentions-legales\/","title":{"rendered":"Mentions l\u00e9gales"},"content":{"rendered":"\t\t<div data-elementor-type=\"wp-page\" data-elementor-id=\"6314\" class=\"elementor elementor-6314 elementor-115\" data-elementor-post-type=\"page\">\n\t\t\t\t\t\t<section class=\"elementor-section elementor-top-section elementor-element elementor-element-46eba6a elementor-section-boxed elementor-section-height-default elementor-section-height-default\" data-id=\"46eba6a\" data-element_type=\"section\" data-e-type=\"section\">\n\t\t\t\t\t\t<div class=\"elementor-container elementor-column-gap-no\">\n\t\t\t\t\t<div class=\"elementor-column elementor-col-100 elementor-top-column elementor-element elementor-element-ff5464a\" data-id=\"ff5464a\" data-element_type=\"column\" data-e-type=\"column\">\n\t\t\t<div class=\"elementor-widget-wrap elementor-element-populated\">\n\t\t\t\t\t\t<div class=\"elementor-element elementor-element-c973b1a elementor-widget elementor-widget-text-editor\" data-id=\"c973b1a\" data-element_type=\"widget\" data-e-type=\"widget\" data-widget_type=\"text-editor.default\">\n\t\t\t\t\t\t\t\t\t<h1>Mentions l\u00e9gales<\/h1>\n\n<p>Maschinenbau Bardowick GmbH<br>Langenkamp 7<br>21357 Bardowick<\/p>\n\n<p>Registre du commerce : HRB 696<br>Tribunal d&rsquo;enregistrement : Amtsgericht L\u00fcneburg<\/p>\n\n<p><strong>Repr\u00e9sent\u00e9 par :<\/strong><br>Michail Himmelmann<br>Christoph Eidner<br>Sebastian Schulz<\/p>\n\n<h2>Contact<\/h2>\n<p>T\u00e9l\u00e9phone : +49 4131 6033-0<br>T\u00e9l\u00e9copie : +49 4131 6033-87<br>E-mail : info@mb-bardowick.de<\/p>\n\n<h2>Num\u00e9ro de TVA<\/h2>\n<p>Num\u00e9ro d&rsquo;identification TVA conform\u00e9ment au \u00a7 27 a de la loi allemande sur la taxe sur le chiffre d&rsquo;affaires :<br>DE 116 080 386<\/p>\n\n<h2>R\u00e8glement des litiges de consommation \/ Organisme de conciliation universel<\/h2>\n<p>Nous ne sommes ni dispos\u00e9s ni tenus de participer \u00e0 des proc\u00e9dures de r\u00e8glement des litiges devant un organisme de conciliation des consommateurs.<\/p>\t\t\t\t\t\t\t\t<\/div>\n\t\t\t\t\t<\/div>\n\t\t<\/div>\n\t\t\t\t\t<\/div>\n\t\t<\/section>\n\t\t\t\t<\/div>\n\t\t","protected":false},"excerpt":{"rendered":"<p>Mentions l\u00e9gales Maschinenbau Bardowick GmbHLangenkamp 721357 Bardowick Registre du commerce : HRB 696Tribunal d&rsquo;enregistrement : Amtsgericht L\u00fcneburg Repr\u00e9sent\u00e9 par :Michail HimmelmannChristoph EidnerSebastian Schulz Contact T\u00e9l\u00e9phone : +49 4131 6033-0T\u00e9l\u00e9copie : +49 4131 6033-87E-mail : info@mb-bardowick.de Num\u00e9ro de TVA Num\u00e9ro d&rsquo;identification TVA conform\u00e9ment au \u00a7 27 a de la loi allemande sur la taxe sur le [&hellip;]<\/p>\n","protected":false},"author":5,"featured_media":0,"parent":0,"menu_order":0,"comment_status":"closed","ping_status":"closed","template":"","meta":{"site-sidebar-layout":"no-sidebar","site-content-layout":"page-builder","ast-site-content-layout":"full-width-container","site-content-style":"unboxed","site-sidebar-style":"unboxed","ast-global-header-display":"","ast-banner-title-visibility":"","ast-main-header-display":"","ast-hfb-above-header-display":"","ast-hfb-below-header-display":"","ast-hfb-mobile-header-display":"","site-post-title":"","ast-breadcrumbs-content":"","ast-featured-img":"disabled","footer-sml-layout":"","ast-disable-related-posts":"","theme-transparent-header-meta":"","adv-header-id-meta":"","stick-header-meta":"","header-above-stick-meta":"","header-main-stick-meta":"","header-below-stick-meta":"","astra-migrate-meta-layouts":"default","ast-page-background-enabled":"default","ast-page-background-meta":{"desktop":{"background-color":"var(--ast-global-color-4)","background-image":"","background-repeat":"repeat","background-position":"center center","background-size":"auto","background-attachment":"scroll","background-type":"","background-media":"","overlay-type":"","overlay-color":"","overlay-opacity":"","overlay-gradient":""},"tablet":{"background-color":"","background-image":"","background-repeat":"repeat","background-position":"center center","background-size":"auto","background-attachment":"scroll","background-type":"","background-media":"","overlay-type":"","overlay-color":"","overlay-opacity":"","overlay-gradient":""},"mobile":{"background-color":"","background-image":"","background-repeat":"repeat","background-position":"center center","background-size":"auto","background-attachment":"scroll","background-type":"","background-media":"","overlay-type":"","overlay-color":"","overlay-opacity":"","overlay-gradient":""}},"ast-content-background-meta":{"desktop":{"background-color":"var(--ast-global-color-5)","background-image":"","background-repeat":"repeat","background-position":"center center","background-size":"auto","background-attachment":"scroll","background-type":"","background-media":"","overlay-type":"","overlay-color":"","overlay-opacity":"","overlay-gradient":""},"tablet":{"background-color":"var(--ast-global-color-5)","background-image":"","background-repeat":"repeat","background-position":"center center","background-size":"auto","background-attachment":"scroll","background-type":"","background-media":"","overlay-type":"","overlay-color":"","overlay-opacity":"","overlay-gradient":""},"mobile":{"background-color":"var(--ast-global-color-5)","background-image":"","background-repeat":"repeat","background-position":"center center","background-size":"auto","background-attachment":"scroll","background-type":"","background-media":"","overlay-type":"","overlay-color":"","overlay-opacity":"","overlay-gradient":""}},"footnotes":""},"class_list":["post-6314","page","type-page","status-publish","hentry"],"_links":{"self":[{"href":"https:\/\/mb-bardowick.de\/fr\/wp-json\/wp\/v2\/pages\/6314","targetHints":{"allow":["GET"]}}],"collection":[{"href":"https:\/\/mb-bardowick.de\/fr\/wp-json\/wp\/v2\/pages"}],"about":[{"href":"https:\/\/mb-bardowick.de\/fr\/wp-json\/wp\/v2\/types\/page"}],"author":[{"embeddable":true,"href":"https:\/\/mb-bardowick.de\/fr\/wp-json\/wp\/v2\/users\/5"}],"replies":[{"embeddable":true,"href":"https:\/\/mb-bardowick.de\/fr\/wp-json\/wp\/v2\/comments?post=6314"}],"version-history":[{"count":0,"href":"https:\/\/mb-bardowick.de\/fr\/wp-json\/wp\/v2\/pages\/6314\/revisions"}],"wp:attachment":[{"href":"https:\/\/mb-bardowick.de\/fr\/wp-json\/wp\/v2\/media?parent=6314"}],"curies":[{"name":"wp","href":"https:\/\/api.w.org\/{rel}","templated":true}]}}