{"id":8373,"date":"2023-05-22T16:18:23","date_gmt":"2023-05-22T14:18:23","guid":{"rendered":"https:\/\/mb-bardowick.de\/aviso-legal\/"},"modified":"2026-03-09T14:59:57","modified_gmt":"2026-03-09T13:59:57","slug":"aviso-legal","status":"publish","type":"page","link":"https:\/\/mb-bardowick.de\/es\/aviso-legal\/","title":{"rendered":"Aviso legal"},"content":{"rendered":"\t\t<div data-elementor-type=\"wp-page\" data-elementor-id=\"8373\" class=\"elementor elementor-8373 elementor-115\" data-elementor-post-type=\"page\">\n\t\t\t\t\t\t<section class=\"elementor-section elementor-top-section elementor-element elementor-element-46eba6a elementor-section-boxed elementor-section-height-default elementor-section-height-default\" data-id=\"46eba6a\" data-element_type=\"section\" data-e-type=\"section\">\n\t\t\t\t\t\t<div class=\"elementor-container elementor-column-gap-no\">\n\t\t\t\t\t<div class=\"elementor-column elementor-col-100 elementor-top-column elementor-element elementor-element-ff5464a\" data-id=\"ff5464a\" data-element_type=\"column\" data-e-type=\"column\">\n\t\t\t<div class=\"elementor-widget-wrap elementor-element-populated\">\n\t\t\t\t\t\t<div class=\"elementor-element elementor-element-c973b1a elementor-widget elementor-widget-text-editor\" data-id=\"c973b1a\" data-element_type=\"widget\" data-e-type=\"widget\" data-widget_type=\"text-editor.default\">\n\t\t\t\t\t\t\t\t\t<h1>Aviso legal<\/h1>\n\n<p>Maschinenbau Bardowick GmbH<br>Langenkamp 7<br>21357 Bardowick<\/p>\n\n<p>Registro mercantil: HRB 696<br>Tribunal del registro: Juzgado de Primera Instancia de L\u00fcneburg<\/p>\n\n<p><strong>Representada por:<\/strong><br>Michail Himmelmann<br>Christoph Eidner<br>Sebastian Schulz<\/p>\n\n<h2>Contacto<\/h2>\n<p>Tel\u00e9fono: +49 4131 6033-0<br>Fax: +49 4131 6033-87<br>Correo electr\u00f3nico: info@mb-bardowick.de<\/p>\n\n<h2>NIF-IVA<\/h2>\n<p>N\u00famero de identificaci\u00f3n a efectos del IVA conforme al \u00a7 27 a de la Ley del Impuesto sobre el Valor A\u00f1adido:<br>DE 116 080 386<\/p>\n\n<h2>Resoluci\u00f3n de litigios en materia de consumo\/Organismo universal de conciliaci\u00f3n<\/h2>\n<p>No estamos dispuestos ni obligados a participar en procedimientos de resoluci\u00f3n de litigios ante un organismo de conciliaci\u00f3n de consumidores.<\/p>\t\t\t\t\t\t\t\t<\/div>\n\t\t\t\t\t<\/div>\n\t\t<\/div>\n\t\t\t\t\t<\/div>\n\t\t<\/section>\n\t\t\t\t<\/div>\n\t\t","protected":false},"excerpt":{"rendered":"<p>Aviso legal Maschinenbau Bardowick GmbHLangenkamp 721357 Bardowick Registro mercantil: HRB 696Tribunal del registro: Juzgado de Primera Instancia de L\u00fcneburg Representada por:Michail HimmelmannChristoph EidnerSebastian Schulz Contacto Tel\u00e9fono: +49 4131 6033-0Fax: +49 4131 6033-87Correo electr\u00f3nico: info@mb-bardowick.de NIF-IVA N\u00famero de identificaci\u00f3n a efectos del IVA conforme al \u00a7 27 a de la Ley del Impuesto sobre el Valor [&hellip;]<\/p>\n","protected":false},"author":5,"featured_media":0,"parent":0,"menu_order":0,"comment_status":"closed","ping_status":"closed","template":"","meta":{"site-sidebar-layout":"no-sidebar","site-content-layout":"page-builder","ast-site-content-layout":"full-width-container","site-content-style":"unboxed","site-sidebar-style":"unboxed","ast-global-header-display":"","ast-banner-title-visibility":"","ast-main-header-display":"","ast-hfb-above-header-display":"","ast-hfb-below-header-display":"","ast-hfb-mobile-header-display":"","site-post-title":"","ast-breadcrumbs-content":"","ast-featured-img":"disabled","footer-sml-layout":"","ast-disable-related-posts":"","theme-transparent-header-meta":"","adv-header-id-meta":"","stick-header-meta":"","header-above-stick-meta":"","header-main-stick-meta":"","header-below-stick-meta":"","astra-migrate-meta-layouts":"default","ast-page-background-enabled":"default","ast-page-background-meta":{"desktop":{"background-color":"var(--ast-global-color-4)","background-image":"","background-repeat":"repeat","background-position":"center center","background-size":"auto","background-attachment":"scroll","background-type":"","background-media":"","overlay-type":"","overlay-color":"","overlay-opacity":"","overlay-gradient":""},"tablet":{"background-color":"","background-image":"","background-repeat":"repeat","background-position":"center center","background-size":"auto","background-attachment":"scroll","background-type":"","background-media":"","overlay-type":"","overlay-color":"","overlay-opacity":"","overlay-gradient":""},"mobile":{"background-color":"","background-image":"","background-repeat":"repeat","background-position":"center center","background-size":"auto","background-attachment":"scroll","background-type":"","background-media":"","overlay-type":"","overlay-color":"","overlay-opacity":"","overlay-gradient":""}},"ast-content-background-meta":{"desktop":{"background-color":"var(--ast-global-color-5)","background-image":"","background-repeat":"repeat","background-position":"center center","background-size":"auto","background-attachment":"scroll","background-type":"","background-media":"","overlay-type":"","overlay-color":"","overlay-opacity":"","overlay-gradient":""},"tablet":{"background-color":"var(--ast-global-color-5)","background-image":"","background-repeat":"repeat","background-position":"center center","background-size":"auto","background-attachment":"scroll","background-type":"","background-media":"","overlay-type":"","overlay-color":"","overlay-opacity":"","overlay-gradient":""},"mobile":{"background-color":"var(--ast-global-color-5)","background-image":"","background-repeat":"repeat","background-position":"center center","background-size":"auto","background-attachment":"scroll","background-type":"","background-media":"","overlay-type":"","overlay-color":"","overlay-opacity":"","overlay-gradient":""}},"footnotes":""},"class_list":["post-8373","page","type-page","status-publish","hentry"],"_links":{"self":[{"href":"https:\/\/mb-bardowick.de\/es\/wp-json\/wp\/v2\/pages\/8373","targetHints":{"allow":["GET"]}}],"collection":[{"href":"https:\/\/mb-bardowick.de\/es\/wp-json\/wp\/v2\/pages"}],"about":[{"href":"https:\/\/mb-bardowick.de\/es\/wp-json\/wp\/v2\/types\/page"}],"author":[{"embeddable":true,"href":"https:\/\/mb-bardowick.de\/es\/wp-json\/wp\/v2\/users\/5"}],"replies":[{"embeddable":true,"href":"https:\/\/mb-bardowick.de\/es\/wp-json\/wp\/v2\/comments?post=8373"}],"version-history":[{"count":0,"href":"https:\/\/mb-bardowick.de\/es\/wp-json\/wp\/v2\/pages\/8373\/revisions"}],"wp:attachment":[{"href":"https:\/\/mb-bardowick.de\/es\/wp-json\/wp\/v2\/media?parent=8373"}],"curies":[{"name":"wp","href":"https:\/\/api.w.org\/{rel}","templated":true}]}}